{"id":1365,"date":"2019-01-28T05:49:39","date_gmt":"2019-01-28T05:49:39","guid":{"rendered":"https:\/\/138.197.206.31\/wp-themes\/appino\/?page_id=1365"},"modified":"2025-02-03T08:21:08","modified_gmt":"2025-02-03T08:21:08","slug":"awareness-education","status":"publish","type":"page","link":"https:\/\/surakshasetu.in\/?page_id=1365","title":{"rendered":"Awareness Education"},"content":{"rendered":"<div class=\"wpb-content-wrapper\"><p>[vc_row css=&#8221;.vc_custom_1548845777568{padding-top: 0px !important;padding-bottom: 0px !important;}&#8221; el_class=&#8221;no-padding&#8221;][vc_column]\n        <div class=\"appino-recentblog v4\">\n        <div class=\"row\">\n                <div class=\"col-md-12 col-sm-12 appino-space-bottom\">  \n                    <div class=\"iq-blog-box\">\n                        <div class=\"iq-blog-detail\">    \n                            <div class=\"iq-blog-meta\">\n                                <ul class=\"list-inline\"><li class=\"list-inline-item\"><a href=\"https:\/\/surakshasetu.in\/?author=1\" class=\"iq-user\"><i class=\"fa fa-user-circle\" aria-hidden=\"true\"><\/i> surakshasetu<\/a><\/li><li class=\"list-inline-item\">\n                                    <i class=\"fa fa-calendar\" aria-hidden=\"true\"><\/i> \n                                    <span class=\"screen-reader-text\">Posted on<\/span> <a href=\"https:\/\/surakshasetu.in\/?p=347056\" rel=\"bookmark\"><time class=\"entry-date published updated\" datetime=\"2026-04-18T16:14:11+05:30\">April 18, 2026<\/time><\/a>\n                                 <\/li><li class=\"list-inline-item\">\n                                                <a href=\"https:\/\/surakshasetu.in\/?p=347056\"><i class=\"fa fa-comment-o\" aria-hidden=\"true\"><\/i> 0<\/a>\n                                            <\/li>\n                                <\/ul>\n                            <\/div>\n\t\t\t\t<div class=\"blog-title\">\n\t\t\t\t<a href=\"https:\/\/surakshasetu.in\/?p=347056\">\n\t\t\t\t    <h5>Casino Online un post knockout Rom\u00e2nia Jocuri de Cazino<\/h5>\n\t\t\t\t<\/a>\n\t\t\t\t<\/div>\n\t\t\t\t\t\t\t<div class=\"blog-button\"><a class=\"button pull-left\" href=\"https:\/\/surakshasetu.in\/?p=347056\">Read More <i class=\"fa fa-angle-right\" aria-hidden=\"true\"><\/i><\/a>\n\t\t\t\t\t\t\t<\/div>\n                        <\/div>\n                    <\/div>\n                <\/div>\n                <div class=\"col-md-12 col-sm-12 appino-space-bottom\">  \n                    <div class=\"iq-blog-box\">\n                        <div class=\"iq-blog-detail\">    \n                            <div class=\"iq-blog-meta\">\n                                <ul class=\"list-inline\"><li class=\"list-inline-item\"><a href=\"https:\/\/surakshasetu.in\/?author=1\" class=\"iq-user\"><i class=\"fa fa-user-circle\" aria-hidden=\"true\"><\/i> surakshasetu<\/a><\/li><li class=\"list-inline-item\">\n                                    <i class=\"fa fa-calendar\" aria-hidden=\"true\"><\/i> \n                                    <span class=\"screen-reader-text\">Posted on<\/span> <a href=\"https:\/\/surakshasetu.in\/?p=347054\" rel=\"bookmark\"><time class=\"entry-date published updated\" datetime=\"2026-04-18T16:13:42+05:30\">April 18, 2026<\/time><\/a>\n                                 <\/li><li class=\"list-inline-item\">\n                                                <a href=\"https:\/\/surakshasetu.in\/?p=347054\"><i class=\"fa fa-comment-o\" aria-hidden=\"true\"><\/i> 0<\/a>\n                                            <\/li>\n                                <\/ul>\n                            <\/div>\n\t\t\t\t<div class=\"blog-title\">\n\t\t\t\t<a href=\"https:\/\/surakshasetu.in\/?p=347054\">\n\t\t\t\t    <h5>Roulette Bonus Canada for Tablet: A Complete Guide<\/h5>\n\t\t\t\t<\/a>\n\t\t\t\t<\/div>\n\t\t\t\t\t\t\t<div class=\"blog-button\"><a class=\"button pull-left\" href=\"https:\/\/surakshasetu.in\/?p=347054\">Read More <i class=\"fa fa-angle-right\" aria-hidden=\"true\"><\/i><\/a>\n\t\t\t\t\t\t\t<\/div>\n                        <\/div>\n                    <\/div>\n                <\/div>\n                <div class=\"col-md-12 col-sm-12 appino-space-bottom\">  \n                    <div class=\"iq-blog-box\">\n                        <div class=\"iq-blog-detail\">    \n                            <div class=\"iq-blog-meta\">\n                                <ul class=\"list-inline\"><li class=\"list-inline-item\"><a href=\"https:\/\/surakshasetu.in\/?author=1\" class=\"iq-user\"><i class=\"fa fa-user-circle\" aria-hidden=\"true\"><\/i> surakshasetu<\/a><\/li><li class=\"list-inline-item\">\n                                    <i class=\"fa fa-calendar\" aria-hidden=\"true\"><\/i> \n                                    <span class=\"screen-reader-text\">Posted on<\/span> <a href=\"https:\/\/surakshasetu.in\/?p=347052\" rel=\"bookmark\"><time class=\"entry-date published updated\" datetime=\"2026-04-18T16:13:15+05:30\">April 18, 2026<\/time><\/a>\n                                 <\/li><li class=\"list-inline-item\">\n                                                <a href=\"https:\/\/surakshasetu.in\/?p=347052\"><i class=\"fa fa-comment-o\" aria-hidden=\"true\"><\/i> 0<\/a>\n                                            <\/li>\n                                <\/ul>\n                            <\/div>\n\t\t\t\t<div class=\"blog-title\">\n\t\t\t\t<a href=\"https:\/\/surakshasetu.in\/?p=347052\">\n\t\t\t\t    <h5>Cele Slot Xtra Hot Mai Bune Bonusuri 2025<\/h5>\n\t\t\t\t<\/a>\n\t\t\t\t<\/div>\n\t\t\t\t\t\t\t<div class=\"blog-button\"><a class=\"button pull-left\" href=\"https:\/\/surakshasetu.in\/?p=347052\">Read More <i class=\"fa fa-angle-right\" aria-hidden=\"true\"><\/i><\/a>\n\t\t\t\t\t\t\t<\/div>\n                        <\/div>\n                    <\/div>\n                <\/div>\n                <div class=\"col-md-12 col-sm-12 appino-space-bottom\">  \n                    <div class=\"iq-blog-box\">\n                        <div class=\"iq-blog-detail\">    \n                            <div class=\"iq-blog-meta\">\n                                <ul class=\"list-inline\"><li class=\"list-inline-item\"><a href=\"https:\/\/surakshasetu.in\/?author=1\" class=\"iq-user\"><i class=\"fa fa-user-circle\" aria-hidden=\"true\"><\/i> surakshasetu<\/a><\/li><li class=\"list-inline-item\">\n                                    <i class=\"fa fa-calendar\" aria-hidden=\"true\"><\/i> \n                                    <span class=\"screen-reader-text\">Posted on<\/span> <a href=\"https:\/\/surakshasetu.in\/?p=347050\" rel=\"bookmark\"><time class=\"entry-date published updated\" datetime=\"2026-04-18T16:12:14+05:30\">April 18, 2026<\/time><\/a>\n                                 <\/li><li class=\"list-inline-item\">\n                                                <a href=\"https:\/\/surakshasetu.in\/?p=347050\"><i class=\"fa fa-comment-o\" aria-hidden=\"true\"><\/i> 0<\/a>\n                                            <\/li>\n                                <\/ul>\n                            <\/div>\n\t\t\t\t<div class=\"blog-title\">\n\t\t\t\t<a href=\"https:\/\/surakshasetu.in\/?p=347050\">\n\t\t\t\t    <h5>Bonus r\u0103spunsul meu F\u0103r\u0103 Achitare M\u0103r\u0163i\u015for 2026, Oferte Exclusive Cazinouri Rom\u00e2nia<\/h5>\n\t\t\t\t<\/a>\n\t\t\t\t<\/div>\n\t\t\t\t\t\t\t<div class=\"blog-button\"><a class=\"button pull-left\" href=\"https:\/\/surakshasetu.in\/?p=347050\">Read More <i class=\"fa fa-angle-right\" aria-hidden=\"true\"><\/i><\/a>\n\t\t\t\t\t\t\t<\/div>\n                        <\/div>\n                    <\/div>\n                <\/div>\n                <div class=\"col-md-12 col-sm-12 appino-space-bottom\">  \n                    <div class=\"iq-blog-box\">\n                        <div class=\"iq-blog-detail\">    \n                            <div class=\"iq-blog-meta\">\n                                <ul class=\"list-inline\"><li class=\"list-inline-item\"><a href=\"https:\/\/surakshasetu.in\/?author=1\" class=\"iq-user\"><i class=\"fa fa-user-circle\" aria-hidden=\"true\"><\/i> surakshasetu<\/a><\/li><li class=\"list-inline-item\">\n                                    <i class=\"fa fa-calendar\" aria-hidden=\"true\"><\/i> \n                                    <span class=\"screen-reader-text\">Posted on<\/span> <a href=\"https:\/\/surakshasetu.in\/?p=347046\" rel=\"bookmark\"><time class=\"entry-date published updated\" datetime=\"2026-04-18T16:11:18+05:30\">April 18, 2026<\/time><\/a>\n                                 <\/li><li class=\"list-inline-item\">\n                                                <a href=\"https:\/\/surakshasetu.in\/?p=347046\"><i class=\"fa fa-comment-o\" aria-hidden=\"true\"><\/i> 0<\/a>\n                                            <\/li>\n                                <\/ul>\n                            <\/div>\n\t\t\t\t<div class=\"blog-title\">\n\t\t\t\t<a href=\"https:\/\/surakshasetu.in\/?p=347046\">\n\t\t\t\t    <h5>The Ultimate Guide to Real Money Roulette Canada for PC<\/h5>\n\t\t\t\t<\/a>\n\t\t\t\t<\/div>\n\t\t\t\t\t\t\t<div class=\"blog-button\"><a class=\"button pull-left\" href=\"https:\/\/surakshasetu.in\/?p=347046\">Read More <i class=\"fa fa-angle-right\" aria-hidden=\"true\"><\/i><\/a>\n\t\t\t\t\t\t\t<\/div>\n                        <\/div>\n                    <\/div>\n                <\/div>\n                <div class=\"col-md-12 col-sm-12 appino-space-bottom\">  \n                    <div class=\"iq-blog-box\">\n                        <div class=\"iq-blog-detail\">    \n                            <div class=\"iq-blog-meta\">\n                                <ul class=\"list-inline\"><li class=\"list-inline-item\"><a href=\"https:\/\/surakshasetu.in\/?author=1\" class=\"iq-user\"><i class=\"fa fa-user-circle\" aria-hidden=\"true\"><\/i> surakshasetu<\/a><\/li><li class=\"list-inline-item\">\n                                    <i class=\"fa fa-calendar\" aria-hidden=\"true\"><\/i> \n                                    <span class=\"screen-reader-text\">Posted on<\/span> <a href=\"https:\/\/surakshasetu.in\/?p=347047\" rel=\"bookmark\"><time class=\"entry-date published updated\" datetime=\"2026-04-18T16:11:13+05:30\">April 18, 2026<\/time><\/a>\n                                 <\/li><li class=\"list-inline-item\">\n                                                <a href=\"https:\/\/surakshasetu.in\/?p=347047\"><i class=\"fa fa-comment-o\" aria-hidden=\"true\"><\/i> 0<\/a>\n                                            <\/li>\n                                <\/ul>\n                            <\/div>\n\t\t\t\t<div class=\"blog-title\">\n\t\t\t\t<a href=\"https:\/\/surakshasetu.in\/?p=347047\">\n\t\t\t\t    <h5>Jocuri \u015f cazino online jocuri deasupra bani reali Joac\u0103 ruleta pentru distrac\u021bie online 2026<\/h5>\n\t\t\t\t<\/a>\n\t\t\t\t<\/div>\n\t\t\t\t\t\t\t<div class=\"blog-button\"><a class=\"button pull-left\" href=\"https:\/\/surakshasetu.in\/?p=347047\">Read More <i class=\"fa fa-angle-right\" aria-hidden=\"true\"><\/i><\/a>\n\t\t\t\t\t\t\t<\/div>\n                        <\/div>\n                    <\/div>\n                <\/div>\n        <\/div><\/div><ul class='page-numbers'>\n\t<li><span aria-current=\"page\" class=\"page-numbers current\">1<\/span><\/li>\n\t<li><a class=\"page-numbers\" href=\"https:\/\/surakshasetu.in\/index.php?rest_route=%2Fwp%2Fv2%2Fpages%2F1365\/page\/2\">2<\/a><\/li>\n\t<li><a class=\"page-numbers\" href=\"https:\/\/surakshasetu.in\/index.php?rest_route=%2Fwp%2Fv2%2Fpages%2F1365\/page\/3\">3<\/a><\/li>\n\t<li><span class=\"page-numbers dots\">&hellip;<\/span><\/li>\n\t<li><a class=\"page-numbers\" href=\"https:\/\/surakshasetu.in\/index.php?rest_route=%2Fwp%2Fv2%2Fpages%2F1365\/page\/28354\">28,354<\/a><\/li>\n\t<li><a class=\"next page-numbers\" href=\"https:\/\/surakshasetu.in\/index.php?rest_route=%2Fwp%2Fv2%2Fpages%2F1365\/page\/2\">Next page<\/a><\/li>\n<\/ul>\n[\/vc_column][\/vc_row]<\/p>\n<\/div>","protected":false},"excerpt":{"rendered":"<p>[vc_row css=&#8221;.vc_custom_1548845777568{padding-top: 0px !important;padding-bottom: 0px !important;}&#8221; el_class=&#8221;no-padding&#8221;][vc_column][\/vc_column][\/vc_row]<\/p>\n","protected":false},"author":1,"featured_media":0,"parent":0,"menu_order":0,"comment_status":"closed","ping_status":"closed","template":"","meta":{"footnotes":""},"class_list":["post-1365","page","type-page","status-publish","hentry"],"_links":{"self":[{"href":"https:\/\/surakshasetu.in\/index.php?rest_route=\/wp\/v2\/pages\/1365","targetHints":{"allow":["GET"]}}],"collection":[{"href":"https:\/\/surakshasetu.in\/index.php?rest_route=\/wp\/v2\/pages"}],"about":[{"href":"https:\/\/surakshasetu.in\/index.php?rest_route=\/wp\/v2\/types\/page"}],"author":[{"embeddable":true,"href":"https:\/\/surakshasetu.in\/index.php?rest_route=\/wp\/v2\/users\/1"}],"replies":[{"embeddable":true,"href":"https:\/\/surakshasetu.in\/index.php?rest_route=%2Fwp%2Fv2%2Fcomments&post=1365"}],"version-history":[{"count":1,"href":"https:\/\/surakshasetu.in\/index.php?rest_route=\/wp\/v2\/pages\/1365\/revisions"}],"predecessor-version":[{"id":2074,"href":"https:\/\/surakshasetu.in\/index.php?rest_route=\/wp\/v2\/pages\/1365\/revisions\/2074"}],"wp:attachment":[{"href":"https:\/\/surakshasetu.in\/index.php?rest_route=%2Fwp%2Fv2%2Fmedia&parent=1365"}],"curies":[{"name":"wp","href":"https:\/\/api.w.org\/{rel}","templated":true}]}}